{"id":812,"date":"2025-09-21T14:48:03","date_gmt":"2025-09-21T13:48:03","guid":{"rendered":"https:\/\/www.alternative-energy.fr\/?page_id=812"},"modified":"2025-09-26T10:48:30","modified_gmt":"2025-09-26T09:48:30","slug":"temoignages","status":"publish","type":"page","link":"https:\/\/www.alternative-energy.fr\/?page_id=812","title":{"rendered":"T\u00e9moignages"},"content":{"rendered":"\n<div class=\"wp-block-comments\">\n<div class=\"wp-block-group is-vertical is-layout-flex wp-container-core-group-is-layout-fe9cc265 wp-block-group-is-layout-flex\"><ol class=\"wp-block-comment-template\"><li id=\"comment-6007\" class=\"comment byuser comment-author-nitahami bypostauthor even thread-even depth-1\">\n\n<div class=\"wp-block-group has-custom-haut-de-page-background-color has-background has-global-padding is-layout-constrained wp-container-core-group-is-layout-e0380d38 wp-block-group-is-layout-constrained\" style=\"border-style:none;border-width:0px;border-radius:1rem;margin-top:var(--wp--preset--spacing--20);margin-bottom:var(--wp--preset--spacing--20);padding-top:var(--wp--preset--spacing--20);padding-right:var(--wp--preset--spacing--40);padding-bottom:var(--wp--preset--spacing--20);padding-left:var(--wp--preset--spacing--40);box-shadow:var(--wp--preset--shadow--natural)\"><div class=\"wp-block-comment-content\"><p>J\u2019ai rencontr\u00e9 Fatima lors d\u2019un salon de bien-\u00eatre et j\u2019ai d\u00e9cid\u00e9 de tenter une s\u00e9ance de EFT. Quelle r\u00e9v\u00e9lation ! J\u2019ai ressenti un soulagement imm\u00e9diat et une \u00e9nergie renouvel\u00e9e. Ces soins sont incroyables et je continuerai de les suivre r\u00e9guli\u00e8rement.<\/p>\n<\/div>\n\n<div class=\"has-text-align-right wp-block-comment-author-name has-medium-font-size\">Julien R.<\/div><\/div>\n\n<\/li><li id=\"comment-6008\" class=\"comment byuser comment-author-nitahami bypostauthor odd alt thread-odd thread-alt depth-1\">\n\n<div class=\"wp-block-group has-custom-haut-de-page-background-color has-background has-global-padding is-layout-constrained wp-container-core-group-is-layout-e0380d38 wp-block-group-is-layout-constrained\" style=\"border-style:none;border-width:0px;border-radius:1rem;margin-top:var(--wp--preset--spacing--20);margin-bottom:var(--wp--preset--spacing--20);padding-top:var(--wp--preset--spacing--20);padding-right:var(--wp--preset--spacing--40);padding-bottom:var(--wp--preset--spacing--20);padding-left:var(--wp--preset--spacing--40);box-shadow:var(--wp--preset--shadow--natural)\"><div class=\"wp-block-comment-content\"><p>Les soins prodigu\u00e9s par Fatima lors du salon de bien-\u00eatre \u00e9taient tout simplement extraordinaires. L\u2019ambiance relaxante et la comp\u00e9tence de Fatima m\u2019ont permis de me d\u00e9tendre compl\u00e8tement. Je recommande fortement de tester ses des soins.<\/p>\n<\/div>\n\n<div class=\"has-text-align-right wp-block-comment-author-name has-medium-font-size\">Claire P.<\/div><\/div>\n\n<\/li><li id=\"comment-6009\" class=\"comment byuser comment-author-nitahami bypostauthor even thread-even depth-1\">\n\n<div class=\"wp-block-group has-custom-haut-de-page-background-color has-background has-global-padding is-layout-constrained wp-container-core-group-is-layout-e0380d38 wp-block-group-is-layout-constrained\" style=\"border-style:none;border-width:0px;border-radius:1rem;margin-top:var(--wp--preset--spacing--20);margin-bottom:var(--wp--preset--spacing--20);padding-top:var(--wp--preset--spacing--20);padding-right:var(--wp--preset--spacing--40);padding-bottom:var(--wp--preset--spacing--20);padding-left:var(--wp--preset--spacing--40);box-shadow:var(--wp--preset--shadow--natural)\"><div class=\"wp-block-comment-content\"><p>J\u2019ai particip\u00e9 \u00e0 une s\u00e9ance de soin avec d\u2019EFT lors d\u2019un salon de bien-\u00eatre. J\u2019ai imm\u00e9diatement ressenti une lib\u00e9ration \u00e9motionnelle, et un bien-\u00eatre physique et mental. Une exp\u00e9rience que je r\u00e9p\u00e9terai sans h\u00e9siter.<\/p>\n<\/div>\n\n<div class=\"has-text-align-right wp-block-comment-author-name has-medium-font-size\">Thomas G.<\/div><\/div>\n\n<\/li><li id=\"comment-6010\" class=\"comment byuser comment-author-nitahami bypostauthor odd alt thread-odd thread-alt depth-1\">\n\n<div class=\"wp-block-group has-custom-haut-de-page-background-color has-background has-global-padding is-layout-constrained wp-container-core-group-is-layout-e0380d38 wp-block-group-is-layout-constrained\" style=\"border-style:none;border-width:0px;border-radius:1rem;margin-top:var(--wp--preset--spacing--20);margin-bottom:var(--wp--preset--spacing--20);padding-top:var(--wp--preset--spacing--20);padding-right:var(--wp--preset--spacing--40);padding-bottom:var(--wp--preset--spacing--20);padding-left:var(--wp--preset--spacing--40);box-shadow:var(--wp--preset--shadow--natural)\"><div class=\"wp-block-comment-content\"><p>J\u2019ai eu la chance de recevoir un soin EFT entre les mains de Fatima, et ce fut une exp\u00e9rience profond\u00e9ment et intens\u00e9ment lib\u00e9ratrice. Avec beaucoup de justesse, de douceur et de pr\u00e9sence, elle m\u2019a guid\u00e9e dans la lib\u00e9ration d\u2019un fardeau que je portais depuis longtemps.<br \/>\nLes effets ont \u00e9t\u00e9 quasi instantan\u00e9s, puissants\u2026 et tr\u00e8s surprenants (clin d\u2019\u0153il \u00e0 Fatima avec qui j\u2019ai beaucoup ri de cette lib\u00e9ration inattendue). Le soin a \u00e9t\u00e9 \u00e0 la fois intense, fluide, et d\u2019une grande efficacit\u00e9.<br \/>\nJe me suis sentie entendue, respect\u00e9e, accompagn\u00e9e avec c\u0153ur.<br \/>\nUn grand merci \u00e0 elle pour ce moment d\u2019alignement et de v\u00e9rit\u00e9. Je recommande vivement \ud83d\ude4f<\/p>\n<\/div>\n\n<div class=\"has-text-align-right wp-block-comment-author-name has-medium-font-size\">Valerie B.<\/div><\/div>\n\n<\/li><\/ol><\/div>\n\n\n\n\n\t<div id=\"respond\" class=\"comment-respond wp-block-post-comments-form\">\n\t\t<h3 id=\"reply-title\" class=\"comment-reply-title\">Laisser un commentaire<\/h3><form action=\"https:\/\/www.alternative-energy.fr\/wp-comments-post.php\" method=\"post\" id=\"commentform\" class=\"comment-form\"><p class=\"comment-notes\"><span id=\"email-notes\">Votre adresse e-mail ne sera pas publi\u00e9e.<\/span> <span class=\"required-field-message\">Les champs obligatoires sont indiqu\u00e9s avec <span class=\"required\">*<\/span><\/span><\/p><p class=\"comment-form-comment\"><label for=\"comment\">Commentaire <span class=\"required\">*<\/span><\/label> <textarea autocomplete=\"new-password\"  id=\"gd6b6b99af\"  name=\"gd6b6b99af\"   cols=\"45\" rows=\"8\" maxlength=\"65525\" required><\/textarea><textarea id=\"comment\" aria-label=\"hp-comment\" aria-hidden=\"true\" name=\"comment\" autocomplete=\"new-password\" style=\"padding:0 !important;clip:rect(1px, 1px, 1px, 1px) !important;position:absolute !important;white-space:nowrap !important;height:1px !important;width:1px !important;overflow:hidden !important;\" tabindex=\"-1\"><\/textarea><script data-noptimize>document.getElementById(\"comment\").setAttribute( \"id\", \"a929398628f705a46fa6641d9e41e183\" );document.getElementById(\"gd6b6b99af\").setAttribute( \"id\", \"comment\" );<\/script><\/p>\t<div id=\"acf-form-data\" class=\"acf-hidden\">\n\t\t<input type=\"hidden\" id=\"_acf_screen\" name=\"_acf_screen\" value=\"comment\"\/><input type=\"hidden\" id=\"_acf_post_id\" name=\"_acf_post_id\" value=\"0\"\/><input type=\"hidden\" id=\"_acf_validation\" name=\"_acf_validation\" value=\"1\"\/><input type=\"hidden\" id=\"_acf_nonce\" name=\"_acf_nonce\" value=\"aa3402d778\"\/><input type=\"hidden\" id=\"_acf_changed\" name=\"_acf_changed\" value=\"0\"\/>\t<\/div>\n\t<div class=\"acf-comment-fields acf-fields -clear\"><div class=\"acf-field acf-field-number acf-field-68cfac56c88b9 is-required\" data-name=\"note\" data-type=\"number\" data-key=\"field_68cfac56c88b9\" data-required=\"1\">\n<div class=\"acf-label\">\n<label for=\"acf-field_68cfac56c88b9\">Note <span class=\"acf-required\">*<\/span><\/label><p class=\"description\">Donnez une note entre 0 et 5.<\/p><\/div>\n<div class=\"acf-input\">\n<div class=\"acf-input-wrap\"><input type=\"number\" id=\"acf-field_68cfac56c88b9\" name=\"acf[field_68cfac56c88b9]\" min=\"0\" max=\"5\" step=\"any\" required=\"required\"\/><\/div><\/div>\n<\/div>\n<\/div><p class=\"comment-form-author\"><label for=\"author\">Nom <span class=\"required\">*<\/span><\/label> <input id=\"author\" name=\"author\" type=\"text\" value=\"\" size=\"30\" maxlength=\"245\" autocomplete=\"name\" required \/><\/p>\n<p class=\"comment-form-email\"><label for=\"email\">E-mail <span class=\"required\">*<\/span><\/label> <input id=\"email\" name=\"email\" type=\"email\" value=\"\" size=\"30\" maxlength=\"100\" aria-describedby=\"email-notes\" autocomplete=\"email\" required \/><\/p>\n<p class=\"comment-form-url\"><label for=\"url\">Site web<\/label> <input id=\"url\" name=\"url\" type=\"url\" value=\"\" size=\"30\" maxlength=\"200\" autocomplete=\"url\" \/><\/p>\n<p class=\"form-submit wp-block-button\"><input name=\"submit\" type=\"submit\" id=\"submit\" class=\"wp-block-button__link wp-element-button\" value=\"Laisser un commentaire\" \/> <input type='hidden' name='comment_post_ID' value='812' id='comment_post_ID' \/>\n<input type='hidden' name='comment_parent' id='comment_parent' value='0' \/>\n<\/p><\/form>\t<\/div><!-- #respond -->\n\t<\/div>\n","protected":false},"excerpt":{"rendered":"","protected":false},"author":1,"featured_media":0,"parent":0,"menu_order":0,"comment_status":"open","ping_status":"closed","template":"","meta":{"_acf_changed":false,"footnotes":""},"class_list":["post-812","page","type-page","status-publish","hentry"],"acf":[],"_links":{"self":[{"href":"https:\/\/www.alternative-energy.fr\/index.php?rest_route=\/wp\/v2\/pages\/812","targetHints":{"allow":["GET"]}}],"collection":[{"href":"https:\/\/www.alternative-energy.fr\/index.php?rest_route=\/wp\/v2\/pages"}],"about":[{"href":"https:\/\/www.alternative-energy.fr\/index.php?rest_route=\/wp\/v2\/types\/page"}],"author":[{"embeddable":true,"href":"https:\/\/www.alternative-energy.fr\/index.php?rest_route=\/wp\/v2\/users\/1"}],"replies":[{"embeddable":true,"href":"https:\/\/www.alternative-energy.fr\/index.php?rest_route=%2Fwp%2Fv2%2Fcomments&post=812"}],"version-history":[{"count":0,"href":"https:\/\/www.alternative-energy.fr\/index.php?rest_route=\/wp\/v2\/pages\/812\/revisions"}],"wp:attachment":[{"href":"https:\/\/www.alternative-energy.fr\/index.php?rest_route=%2Fwp%2Fv2%2Fmedia&parent=812"}],"curies":[{"name":"wp","href":"https:\/\/api.w.org\/{rel}","templated":true}]}}