{"id":781,"date":"2025-08-26T08:27:31","date_gmt":"2025-08-26T07:27:31","guid":{"rendered":"https:\/\/www.alternative-energy.fr\/?page_id=781"},"modified":"2025-09-26T11:29:31","modified_gmt":"2025-09-26T10:29:31","slug":"e-book","status":"publish","type":"page","link":"https:\/\/www.alternative-energy.fr\/?page_id=781","title":{"rendered":"Le guide vers une vie plus align\u00e9e, libre et \u00e9panouie"},"content":{"rendered":"\n<h1 class=\"wp-block-heading has-text-align-center has-x-large-font-size\">\u00ab\u00a0Ose ta transformation\u00a0\u00bb<\/h1>\n\n\n\n<p>Tu ressens que quelque chose doit changer dans ta vie ? \ud83e\udd8b<\/p>\n\n\n\n<p>Tu veux te lib\u00e9rer de blocages \u00e9motionnels, retrouver confiance en toi, cr\u00e9er une vie plus sereine et align\u00e9e avec qui tu es vraiment ?<\/p>\n\n\n\n<p><strong>Cet Ebook est pour toi.<\/strong><\/p>\n\n\n\n<p>Dans ce guide unique, je t\u2019accompagne pas \u00e0 pas \u00e0 travers des outils puissants comme l\u2019EFT (technique de lib\u00e9ration \u00e9motionnelle), la visualisation, les affirmations positives et bien plus encore\u2026<\/p>\n\n\n\n<p>Tu vas pouvoir :<\/p>\n\n\n\n<p>\u25cf Identifier ce qui t\u2019emp\u00eache d\u2019avancer<br>\u25cf Lib\u00e9rer tes croyances limitantes<br>\u25cf Te reconnecter \u00e0 ton potentiel<br>\u25cf Retrouver la paix int\u00e9rieure<br>\u25cf Cr\u00e9er une nouvelle r\u00e9alit\u00e9 plus lumineuse<\/p>\n\n\n\n<p>Ce que tu vas d\u00e9couvrir dans l\u2019Ebook \ud83d\udcd6<\/p>\n\n\n\n<p>Tu es attir\u00e9(e) par le d\u00e9veloppement personnel et spirituel<\/p>\n\n\n\n<h2 class=\"wp-block-heading\">T\u00e9moignage : \ud83d\udcac<\/h2>\n\n\n\n<p>\u00ab\u00a0<em>Gr\u00e2ce \u00e0 ce guide, j\u2019ai pu comprendre mes blocages et commencer \u00e0 me lib\u00e9rer. Un vrai tournant dans ma vie. Merci Fatima pour cette lumi\u00e8re !<\/em>\u00ab\u00a0<\/p>\n\n\n\n<p>\u2014 Sophie M.<\/p>\n\n\n\n<h2 class=\"wp-block-heading\">T\u00e9l\u00e9charge ton Ebook maintenant : \ud83d\udce5<\/h2>\n\n\n\n<p>Format : PDF \u2013 15 pages<br>T\u00e9l\u00e9chargement imm\u00e9diat apr\u00e8s paiement<\/p>\n\n\n\n<div class=\"wp-block-columns is-layout-flex wp-container-core-columns-is-layout-28f84493 wp-block-columns-is-layout-flex\">\n<div class=\"wp-block-column is-layout-flow wp-block-column-is-layout-flow\" style=\"flex-basis:100%\">\n<div class=\"wp-block-group is-nowrap is-layout-flex wp-container-core-group-is-layout-6c531013 wp-block-group-is-layout-flex\">\n<p>Paiement s\u00e9curis\u00e9 par Paypal<\/p>\n\n\n\n<!-- PayPal Logo --><table border=\"0\" cellpadding=\"10\" cellspacing=\"0\" align=\"center\"><tbody><tr><td align=\"center\"><\/td><\/tr><tr><td align=\"center\"><a href=\"https:\/\/www.paypal.com\/be\/webapps\/mpp\/home?locale.x=fr_BE\" title=\"PayPal Comment Ca Marche\" onclick=\"javascript:window.open(&#039;\/webapps\/mpp\/home&#039;,&#039;WIPaypal&#039;,&#039;toolbar=no, location=no, directories=no, status=no, menubar=no, scrollbars=yes, resizable=yes, width=1060, height=700&#039;); return false;\" target=\"_blank\" rel=\"noopener\"><img decoding=\"async\" src=\"https:\/\/www.paypalobjects.com\/webstatic\/mktg\/logo\/pp_cc_mark_74x46.jpg\" border=\"0\" alt=\"PayPal Logo\" \/><\/a><\/td><\/tr><\/tbody><\/table><!-- PayPal Logo -->\n<\/div>\n<\/div>\n<\/div>\n\n\n\n<p>Un chemin de transformation clair et accessible<\/p>\n\n\n\n<div class=\"wp-block-group alignwide has-accent-background-color has-background has-global-padding is-layout-constrained wp-container-core-group-is-layout-c385debf wp-block-group-is-layout-constrained\" style=\"border-radius:2rem;padding-top:var(--wp--preset--spacing--20);padding-right:var(--wp--preset--spacing--20);padding-bottom:var(--wp--preset--spacing--20);padding-left:var(--wp--preset--spacing--20)\">\n<p class=\"has-text-align-center\" style=\"font-size:clamp(0.984rem, 0.984rem + ((1vw - 0.2rem) * 0.86), 1.5rem);\">Tarif e-book : <s>15\u20ac<\/s><\/p>\n\n\n\n<p class=\"has-text-align-center has-large-font-size\">Offre sp\u00e9ciale lancement !<\/p>\n\n\n\n<p class=\"has-text-align-center has-large-font-size\"><strong>Seulement 9,90\u20ac<\/strong><\/p>\n\n\n\n<p class=\"has-text-align-center\"><em>Livraison par mail sous 48h apr\u00e8s r\u00e8glement<\/em><\/p>\n<\/div>\n\n\n\n<iframe frameborder=\"0\" src=\"https:\/\/ebook.alternative-energy.fr\/form\/\" class=\"\" style=\"width:100%;max-width:100%;height:3200px\"><\/iframe>\n\n\n\n<p><\/p>\n","protected":false},"excerpt":{"rendered":"<p>\u00ab\u00a0Ose ta transformation\u00a0\u00bb Tu ressens que quelque chose doit changer dans ta vie ? \ud83e\udd8b Tu veux te lib\u00e9rer de blocages \u00e9motionnels, retrouver confiance en toi, cr\u00e9er une vie plus sereine et align\u00e9e avec qui tu es vraiment ? Cet Ebook est pour toi. Dans ce guide unique, je t\u2019accompagne pas \u00e0 pas \u00e0 travers [&hellip;]<\/p>\n","protected":false},"author":1,"featured_media":0,"parent":0,"menu_order":0,"comment_status":"closed","ping_status":"closed","template":"","meta":{"_acf_changed":false,"footnotes":""},"class_list":["post-781","page","type-page","status-publish","hentry"],"acf":[],"_links":{"self":[{"href":"https:\/\/www.alternative-energy.fr\/index.php?rest_route=\/wp\/v2\/pages\/781","targetHints":{"allow":["GET"]}}],"collection":[{"href":"https:\/\/www.alternative-energy.fr\/index.php?rest_route=\/wp\/v2\/pages"}],"about":[{"href":"https:\/\/www.alternative-energy.fr\/index.php?rest_route=\/wp\/v2\/types\/page"}],"author":[{"embeddable":true,"href":"https:\/\/www.alternative-energy.fr\/index.php?rest_route=\/wp\/v2\/users\/1"}],"replies":[{"embeddable":true,"href":"https:\/\/www.alternative-energy.fr\/index.php?rest_route=%2Fwp%2Fv2%2Fcomments&post=781"}],"version-history":[{"count":0,"href":"https:\/\/www.alternative-energy.fr\/index.php?rest_route=\/wp\/v2\/pages\/781\/revisions"}],"wp:attachment":[{"href":"https:\/\/www.alternative-energy.fr\/index.php?rest_route=%2Fwp%2Fv2%2Fmedia&parent=781"}],"curies":[{"name":"wp","href":"https:\/\/api.w.org\/{rel}","templated":true}]}}