{"id":570,"date":"2025-02-07T08:42:21","date_gmt":"2025-02-07T07:42:21","guid":{"rendered":"https:\/\/dev.alternative-energy.fr\/?page_id=570"},"modified":"2026-04-14T11:24:03","modified_gmt":"2026-04-14T10:24:03","slug":"gestion-du-stress","status":"publish","type":"page","link":"https:\/\/www.alternative-energy.fr\/?page_id=570","title":{"rendered":"Bilan Gestion du Stress"},"content":{"rendered":"\n<p>Ce formulaire a pour objectif d&rsquo;identifier vos sources de stress, vos besoins sp\u00e9cifiques, et de vous proposer des solutions adapt\u00e9es.<\/p>\n\n\n\n<div class=\"wp-block-group alignwide has-accent-background-color has-background has-global-padding is-layout-constrained wp-container-core-group-is-layout-c385debf wp-block-group-is-layout-constrained\" style=\"border-radius:2rem;padding-top:var(--wp--preset--spacing--20);padding-right:var(--wp--preset--spacing--20);padding-bottom:var(--wp--preset--spacing--20);padding-left:var(--wp--preset--spacing--20)\">\n<p class=\"has-text-align-center\" style=\"font-size:clamp(0.984rem, 0.984rem + ((1vw - 0.2rem) * 0.86), 1.5rem);\">Tarif Gestion du Stress<\/p>\n\n\n\n<p class=\"has-text-align-center has-large-font-size\"><strong>Seulement 50\u20ac<\/strong><\/p>\n\n\n\n<p class=\"has-text-align-center\"><em>Livraison par mail sous 48h apr\u00e8s r\u00e8glement<\/em><\/p>\n<\/div>\n\n\n\n<iframe frameborder=\"0\" src=\"https:\/\/formulaires.alternative-energy.fr\/form\/gestion_stress\" class=\"\" style=\"width:100%;max-width:100%;height:3500px\"><\/iframe>\n\n\n\n<p><br>Simplifiez votre gestion du stress et reprenez le contr\u00f4le de votre bien-\u00eatre d\u00e8s aujourd&rsquo;hui<\/p>\n","protected":false},"excerpt":{"rendered":"<p>Ce formulaire a pour objectif d&rsquo;identifier vos sources de stress, vos besoins sp\u00e9cifiques, et de vous proposer des solutions adapt\u00e9es. Tarif Gestion du Stress Seulement 50\u20ac Livraison par mail sous 48h apr\u00e8s r\u00e8glement Simplifiez votre gestion du stress et reprenez le contr\u00f4le de votre bien-\u00eatre d\u00e8s aujourd&rsquo;hui<\/p>\n","protected":false},"author":1,"featured_media":0,"parent":0,"menu_order":0,"comment_status":"closed","ping_status":"closed","template":"","meta":{"_acf_changed":false,"footnotes":""},"class_list":["post-570","page","type-page","status-publish","hentry"],"acf":[],"_links":{"self":[{"href":"https:\/\/www.alternative-energy.fr\/index.php?rest_route=\/wp\/v2\/pages\/570","targetHints":{"allow":["GET"]}}],"collection":[{"href":"https:\/\/www.alternative-energy.fr\/index.php?rest_route=\/wp\/v2\/pages"}],"about":[{"href":"https:\/\/www.alternative-energy.fr\/index.php?rest_route=\/wp\/v2\/types\/page"}],"author":[{"embeddable":true,"href":"https:\/\/www.alternative-energy.fr\/index.php?rest_route=\/wp\/v2\/users\/1"}],"replies":[{"embeddable":true,"href":"https:\/\/www.alternative-energy.fr\/index.php?rest_route=%2Fwp%2Fv2%2Fcomments&post=570"}],"version-history":[{"count":0,"href":"https:\/\/www.alternative-energy.fr\/index.php?rest_route=\/wp\/v2\/pages\/570\/revisions"}],"wp:attachment":[{"href":"https:\/\/www.alternative-energy.fr\/index.php?rest_route=%2Fwp%2Fv2%2Fmedia&parent=570"}],"curies":[{"name":"wp","href":"https:\/\/api.w.org\/{rel}","templated":true}]}}