{"id":568,"date":"2025-02-07T08:38:54","date_gmt":"2025-02-07T07:38:54","guid":{"rendered":"https:\/\/dev.alternative-energy.fr\/?page_id=568"},"modified":"2026-04-14T11:24:21","modified_gmt":"2026-04-14T10:24:21","slug":"bilan-karmique-transgenerationnel","status":"publish","type":"page","link":"https:\/\/www.alternative-energy.fr\/?page_id=568","title":{"rendered":"Bilan Karmique Transg\u00e9n\u00e9rationnel"},"content":{"rendered":"\n<p><br>Ce formulaire de bilan karmique transg\u00e9n\u00e9rationnel est con\u00e7u pour vous aider \u00e0 explorer les influences familiales et karmiques qui fa\u00e7onnent votre parcours de vie. En analysant les sch\u00e9mas, les r\u00e9p\u00e9titions et les blocages, il permet de mieux comprendre les \u00e9nergies qui vous habitent. Votre r\u00e9ponse d\u00e9taill\u00e9e permettra d&rsquo;effectuer un travail de lib\u00e9ration et de gu\u00e9rison profonde.<\/p>\n\n\n\n<div class=\"wp-block-group alignwide has-accent-background-color has-background has-global-padding is-layout-constrained wp-container-core-group-is-layout-c385debf wp-block-group-is-layout-constrained\" style=\"border-radius:2rem;padding-top:var(--wp--preset--spacing--20);padding-right:var(--wp--preset--spacing--20);padding-bottom:var(--wp--preset--spacing--20);padding-left:var(--wp--preset--spacing--20)\">\n<p class=\"has-text-align-center\" style=\"font-size:clamp(0.984rem, 0.984rem + ((1vw - 0.2rem) * 0.86), 1.5rem);\">Tarif Bilan Karmique Transg\u00e9n\u00e9rationnel<\/p>\n\n\n\n<p class=\"has-text-align-center has-large-font-size\"><strong>Seulement 50\u20ac<\/strong><\/p>\n\n\n\n<p class=\"has-text-align-center\"><em>Livraison par mail sous 48h apr\u00e8s r\u00e8glement<\/em><\/p>\n<\/div>\n\n\n\n<iframe frameborder=\"0\" src=\"https:\/\/formulaires.alternative-energy.fr\/form\/bilan_karmique\" class=\"\" style=\"width:100%;max-width:100%;height:10000px\"><\/iframe>\n\n\n\n<p>Explorez les racines de vos blocages et lib\u00e9rez-vous des influences karmiques cach\u00e9es. Commandez votre bilan karmique transg\u00e9n\u00e9rationnel d\u00e8s maintenant pour un chemin de vie plus \u00e9panouissant et serein<\/p>\n","protected":false},"excerpt":{"rendered":"<p>Ce formulaire de bilan karmique transg\u00e9n\u00e9rationnel est con\u00e7u pour vous aider \u00e0 explorer les influences familiales et karmiques qui fa\u00e7onnent votre parcours de vie. En analysant les sch\u00e9mas, les r\u00e9p\u00e9titions et les blocages, il permet de mieux comprendre les \u00e9nergies qui vous habitent. Votre r\u00e9ponse d\u00e9taill\u00e9e permettra d&rsquo;effectuer un travail de lib\u00e9ration et de gu\u00e9rison [&hellip;]<\/p>\n","protected":false},"author":1,"featured_media":0,"parent":0,"menu_order":0,"comment_status":"closed","ping_status":"closed","template":"","meta":{"_acf_changed":false,"footnotes":""},"class_list":["post-568","page","type-page","status-publish","hentry"],"acf":[],"_links":{"self":[{"href":"https:\/\/www.alternative-energy.fr\/index.php?rest_route=\/wp\/v2\/pages\/568","targetHints":{"allow":["GET"]}}],"collection":[{"href":"https:\/\/www.alternative-energy.fr\/index.php?rest_route=\/wp\/v2\/pages"}],"about":[{"href":"https:\/\/www.alternative-energy.fr\/index.php?rest_route=\/wp\/v2\/types\/page"}],"author":[{"embeddable":true,"href":"https:\/\/www.alternative-energy.fr\/index.php?rest_route=\/wp\/v2\/users\/1"}],"replies":[{"embeddable":true,"href":"https:\/\/www.alternative-energy.fr\/index.php?rest_route=%2Fwp%2Fv2%2Fcomments&post=568"}],"version-history":[{"count":0,"href":"https:\/\/www.alternative-energy.fr\/index.php?rest_route=\/wp\/v2\/pages\/568\/revisions"}],"wp:attachment":[{"href":"https:\/\/www.alternative-energy.fr\/index.php?rest_route=%2Fwp%2Fv2%2Fmedia&parent=568"}],"curies":[{"name":"wp","href":"https:\/\/api.w.org\/{rel}","templated":true}]}}