{"id":506,"date":"2025-01-24T13:48:47","date_gmt":"2025-01-24T12:48:47","guid":{"rendered":"https:\/\/dev.alternative-energy.fr\/?page_id=506"},"modified":"2026-04-14T11:23:46","modified_gmt":"2026-04-14T10:23:46","slug":"formulaire-de-commande-bilan-energetique-et-vibratoire","status":"publish","type":"page","link":"https:\/\/www.alternative-energy.fr\/?page_id=506","title":{"rendered":"Bilan \u00c9nerg\u00e9tique et Vibratoire"},"content":{"rendered":"\n<p><br>Remplissez ce formulaire pour recevoir un bilan \u00e9nerg\u00e9tique personnalis\u00e9, vous permettant de mieux comprendre votre \u00e9quilibre int\u00e9rieur. D\u00e9couvrez comment harmoniser vos \u00e9nergies et optimiser votre bien-\u00eatre.<\/p>\n\n\n\n<div class=\"wp-block-group alignwide has-accent-background-color has-background has-global-padding is-layout-constrained wp-container-core-group-is-layout-c385debf wp-block-group-is-layout-constrained\" style=\"border-radius:2rem;padding-top:var(--wp--preset--spacing--20);padding-right:var(--wp--preset--spacing--20);padding-bottom:var(--wp--preset--spacing--20);padding-left:var(--wp--preset--spacing--20)\">\n<p class=\"has-text-align-center has-large-font-size\">Tarif Bilan \u00c9nerg\u00e9tique et Vibratoire<\/p>\n\n\n\n<p class=\"has-text-align-center has-large-font-size\"><strong>Seulement 50\u20ac<\/strong><\/p>\n\n\n\n<p class=\"has-text-align-center\"><em>Livraison par mail sous 48h apr\u00e8s r\u00e8glement<\/em><\/p>\n<\/div>\n\n\n\n<iframe frameborder=\"0\" src=\"https:\/\/formulaires.alternative-energy.fr\/form\/bilan_energetique\" class=\"\" style=\"width:100%;max-width:100%;height:3000px\"><\/iframe>\n\n\n\n<p><br>Prenez le contr\u00f4le de votre \u00e9nergie et entreprenez votre voyage vers l&rsquo;harmonie d\u00e8s maintenant !<\/p>\n","protected":false},"excerpt":{"rendered":"<p>Remplissez ce formulaire pour recevoir un bilan \u00e9nerg\u00e9tique personnalis\u00e9, vous permettant de mieux comprendre votre \u00e9quilibre int\u00e9rieur. D\u00e9couvrez comment harmoniser vos \u00e9nergies et optimiser votre bien-\u00eatre. Tarif Bilan \u00c9nerg\u00e9tique et Vibratoire Seulement 50\u20ac Livraison par mail sous 48h apr\u00e8s r\u00e8glement Prenez le contr\u00f4le de votre \u00e9nergie et entreprenez votre voyage vers l&rsquo;harmonie d\u00e8s maintenant !<\/p>\n","protected":false},"author":1,"featured_media":0,"parent":0,"menu_order":0,"comment_status":"closed","ping_status":"closed","template":"","meta":{"_acf_changed":false,"footnotes":""},"class_list":["post-506","page","type-page","status-publish","hentry"],"acf":[],"_links":{"self":[{"href":"https:\/\/www.alternative-energy.fr\/index.php?rest_route=\/wp\/v2\/pages\/506","targetHints":{"allow":["GET"]}}],"collection":[{"href":"https:\/\/www.alternative-energy.fr\/index.php?rest_route=\/wp\/v2\/pages"}],"about":[{"href":"https:\/\/www.alternative-energy.fr\/index.php?rest_route=\/wp\/v2\/types\/page"}],"author":[{"embeddable":true,"href":"https:\/\/www.alternative-energy.fr\/index.php?rest_route=\/wp\/v2\/users\/1"}],"replies":[{"embeddable":true,"href":"https:\/\/www.alternative-energy.fr\/index.php?rest_route=%2Fwp%2Fv2%2Fcomments&post=506"}],"version-history":[{"count":0,"href":"https:\/\/www.alternative-energy.fr\/index.php?rest_route=\/wp\/v2\/pages\/506\/revisions"}],"wp:attachment":[{"href":"https:\/\/www.alternative-energy.fr\/index.php?rest_route=%2Fwp%2Fv2%2Fmedia&parent=506"}],"curies":[{"name":"wp","href":"https:\/\/api.w.org\/{rel}","templated":true}]}}