{"id":504,"date":"2025-01-24T13:47:49","date_gmt":"2025-01-24T12:47:49","guid":{"rendered":"https:\/\/dev.alternative-energy.fr\/?page_id=504"},"modified":"2026-04-14T11:17:27","modified_gmt":"2026-04-14T10:17:27","slug":"formulaire-de-commande-votre-chemin-de-vie-en-numerologie","status":"publish","type":"page","link":"https:\/\/www.alternative-energy.fr\/?page_id=504","title":{"rendered":"Bilan Votre Chemin de Vie"},"content":{"rendered":"\n<p><br>Et si votre date de naissance r\u00e9v\u00e9lait votre mission de vie ? Gr\u00e2ce au bilan chemin de vie en num\u00e9rologie, d\u00e9couvrez vos forces, vos d\u00e9fis et le chemin qui vous correspond vraiment. Commandez votre bilan d\u00e8s maintenant et \u00e9clairez votre avenir en toute confiance !<\/p>\n\n\n\n<div class=\"wp-block-group alignwide has-accent-background-color has-background has-global-padding is-layout-constrained wp-container-core-group-is-layout-c385debf wp-block-group-is-layout-constrained\" style=\"border-radius:2rem;padding-top:var(--wp--preset--spacing--20);padding-right:var(--wp--preset--spacing--20);padding-bottom:var(--wp--preset--spacing--20);padding-left:var(--wp--preset--spacing--20)\">\n<p class=\"has-text-align-center\" style=\"font-size:clamp(0.984rem, 0.984rem + ((1vw - 0.2rem) * 0.86), 1.5rem);\">Tarif Chemin de Vie<\/p>\n\n\n\n<p class=\"has-text-align-center has-large-font-size\"><strong>Seulement 50\u20ac<\/strong><\/p>\n\n\n\n<p class=\"has-text-align-center\"><em>Livraison par mail sous 48h apr\u00e8s r\u00e8glement<\/em><\/p>\n<\/div>\n\n\n\n<iframe frameborder=\"0\" src=\"https:\/\/formulaires.alternative-energy.fr\/form\/bilan_numerologie\" class=\"\" style=\"width:100%;max-width:100%;height:1500px\"><\/iframe>\n\n\n\n<p><br>Remplissez ce formulaire afin de recevoir votre bilan chemin de vie personnalis\u00e9.<\/p>\n","protected":false},"excerpt":{"rendered":"<p>Et si votre date de naissance r\u00e9v\u00e9lait votre mission de vie ? Gr\u00e2ce au bilan chemin de vie en num\u00e9rologie, d\u00e9couvrez vos forces, vos d\u00e9fis et le chemin qui vous correspond vraiment. Commandez votre bilan d\u00e8s maintenant et \u00e9clairez votre avenir en toute confiance ! Tarif Chemin de Vie Seulement 50\u20ac Livraison par mail sous [&hellip;]<\/p>\n","protected":false},"author":1,"featured_media":0,"parent":0,"menu_order":0,"comment_status":"closed","ping_status":"closed","template":"","meta":{"_acf_changed":false,"footnotes":""},"class_list":["post-504","page","type-page","status-publish","hentry"],"acf":[],"_links":{"self":[{"href":"https:\/\/www.alternative-energy.fr\/index.php?rest_route=\/wp\/v2\/pages\/504","targetHints":{"allow":["GET"]}}],"collection":[{"href":"https:\/\/www.alternative-energy.fr\/index.php?rest_route=\/wp\/v2\/pages"}],"about":[{"href":"https:\/\/www.alternative-energy.fr\/index.php?rest_route=\/wp\/v2\/types\/page"}],"author":[{"embeddable":true,"href":"https:\/\/www.alternative-energy.fr\/index.php?rest_route=\/wp\/v2\/users\/1"}],"replies":[{"embeddable":true,"href":"https:\/\/www.alternative-energy.fr\/index.php?rest_route=%2Fwp%2Fv2%2Fcomments&post=504"}],"version-history":[{"count":0,"href":"https:\/\/www.alternative-energy.fr\/index.php?rest_route=\/wp\/v2\/pages\/504\/revisions"}],"wp:attachment":[{"href":"https:\/\/www.alternative-energy.fr\/index.php?rest_route=%2Fwp%2Fv2%2Fmedia&parent=504"}],"curies":[{"name":"wp","href":"https:\/\/api.w.org\/{rel}","templated":true}]}}