{"id":2206,"date":"2026-02-04T11:20:00","date_gmt":"2026-02-04T11:20:00","guid":{"rendered":"https:\/\/www.alternative-energy.fr\/?page_id=2206"},"modified":"2026-04-14T11:34:15","modified_gmt":"2026-04-14T10:34:15","slug":"nos-produits","status":"publish","type":"page","link":"https:\/\/www.alternative-energy.fr\/?page_id=2206","title":{"rendered":"Pierres et bijoux \u00e9nerg\u00e9tiques"},"content":{"rendered":"\n<div class=\"wp-block-group alignwide is-vertical is-content-justification-center is-layout-flex wp-container-core-group-is-layout-ce155fab wp-block-group-is-layout-flex\">\n<div class=\"wp-block-query alignwide is-layout-flow wp-block-query-is-layout-flow\">\n\n\n<div class=\"wp-block-group is-layout-flow wp-block-group-is-layout-flow\" style=\"margin-top:0;margin-bottom:0;padding-top:var(--wp--preset--spacing--50);padding-right:0;padding-bottom:var(--wp--preset--spacing--50);padding-left:0\"><ul class=\"columns-3 alignfull wp-block-post-template is-layout-grid wp-container-core-post-template-is-layout-2d080239 wp-block-post-template-is-layout-grid\"><li class=\"wp-block-post post-2508 produit type-produit status-publish has-post-thumbnail hentry category-nouveaux_produits\">\n\n<div class=\"wp-block-group has-base-2-background-color has-background has-global-padding is-layout-constrained wp-block-group-is-layout-constrained\" style=\"border-top-left-radius:32px;border-top-right-radius:32px;border-bottom-left-radius:32px;border-bottom-right-radius:32px;box-shadow:var(--wp--preset--shadow--natural)\"><figure style=\"aspect-ratio:1; padding-bottom:var(--wp--preset--spacing--20);margin-bottom:0;\" class=\"wp-block-post-featured-image\"><a href=\"https:\/\/www.alternative-energy.fr\/?produit=bague-en-amazonite-modele-elena\" target=\"_self\"  ><img loading=\"lazy\" decoding=\"async\" width=\"1000\" height=\"1000\" src=\"https:\/\/www.alternative-energy.fr\/wp-content\/uploads\/2026\/03\/bague_amazonite_elena_0.jpg\" class=\"attachment-post-thumbnail size-post-thumbnail wp-post-image\" alt=\"Bague en Amazonite &#8211; Mod\u00e8le Elena\" style=\"width:100%;height:100%;object-fit:cover;\" srcset=\"https:\/\/www.alternative-energy.fr\/wp-content\/uploads\/2026\/03\/bague_amazonite_elena_0.jpg 1000w, https:\/\/www.alternative-energy.fr\/wp-content\/uploads\/2026\/03\/bague_amazonite_elena_0-300x300.jpg 300w, https:\/\/www.alternative-energy.fr\/wp-content\/uploads\/2026\/03\/bague_amazonite_elena_0-150x150.jpg 150w, https:\/\/www.alternative-energy.fr\/wp-content\/uploads\/2026\/03\/bague_amazonite_elena_0-768x768.jpg 768w\" sizes=\"auto, (max-width: 1000px) 100vw, 1000px\" \/><\/a><\/figure>\n\n\n<div class=\"wp-block-group is-vertical is-nowrap is-layout-flex wp-container-core-group-is-layout-97ba36a5 wp-block-group-is-layout-flex\" style=\"margin-top:var(--wp--preset--spacing--20);padding-top:0\"><h2 class=\"has-text-align-center wp-block-post-title has-large-font-size wp-container-content-32e3a40d\"><a href=\"https:\/\/www.alternative-energy.fr\/?produit=bague-en-amazonite-modele-elena\" target=\"_self\" >Bague en Amazonite &#8211; Mod\u00e8le Elena<\/a><\/h2>\n\n\n<div style=\"height:0px\" aria-hidden=\"true\" class=\"wp-block-spacer wp-container-content-32e3a40d\"><\/div>\n<\/div>\n<\/div>\n\n<\/li><li class=\"wp-block-post post-2506 produit type-produit status-publish has-post-thumbnail hentry category-nouveaux_produits\">\n\n<div class=\"wp-block-group has-base-2-background-color has-background has-global-padding is-layout-constrained wp-block-group-is-layout-constrained\" style=\"border-top-left-radius:32px;border-top-right-radius:32px;border-bottom-left-radius:32px;border-bottom-right-radius:32px;box-shadow:var(--wp--preset--shadow--natural)\"><figure style=\"aspect-ratio:1; padding-bottom:var(--wp--preset--spacing--20);margin-bottom:0;\" class=\"wp-block-post-featured-image\"><a href=\"https:\/\/www.alternative-energy.fr\/?produit=bague-oeil-de-tigre-modele-claire\" target=\"_self\"  ><img loading=\"lazy\" decoding=\"async\" width=\"1000\" height=\"1000\" src=\"https:\/\/www.alternative-energy.fr\/wp-content\/uploads\/2026\/03\/bague_oeil_de_tigre_et_grenat_claire_0.jpg\" class=\"attachment-post-thumbnail size-post-thumbnail wp-post-image\" alt=\"Bague Oeil de Tigre &#8211; Mod\u00e8le Claire\" style=\"width:100%;height:100%;object-fit:cover;\" srcset=\"https:\/\/www.alternative-energy.fr\/wp-content\/uploads\/2026\/03\/bague_oeil_de_tigre_et_grenat_claire_0.jpg 1000w, https:\/\/www.alternative-energy.fr\/wp-content\/uploads\/2026\/03\/bague_oeil_de_tigre_et_grenat_claire_0-300x300.jpg 300w, https:\/\/www.alternative-energy.fr\/wp-content\/uploads\/2026\/03\/bague_oeil_de_tigre_et_grenat_claire_0-150x150.jpg 150w, https:\/\/www.alternative-energy.fr\/wp-content\/uploads\/2026\/03\/bague_oeil_de_tigre_et_grenat_claire_0-768x768.jpg 768w\" sizes=\"auto, (max-width: 1000px) 100vw, 1000px\" \/><\/a><\/figure>\n\n\n<div class=\"wp-block-group is-vertical is-nowrap is-layout-flex wp-container-core-group-is-layout-97ba36a5 wp-block-group-is-layout-flex\" style=\"margin-top:var(--wp--preset--spacing--20);padding-top:0\"><h2 class=\"has-text-align-center wp-block-post-title has-large-font-size wp-container-content-32e3a40d\"><a href=\"https:\/\/www.alternative-energy.fr\/?produit=bague-oeil-de-tigre-modele-claire\" target=\"_self\" >Bague Oeil de Tigre &#8211; Mod\u00e8le Claire<\/a><\/h2>\n\n\n<div style=\"height:0px\" aria-hidden=\"true\" class=\"wp-block-spacer wp-container-content-32e3a40d\"><\/div>\n<\/div>\n<\/div>\n\n<\/li><li class=\"wp-block-post post-2504 produit type-produit status-publish has-post-thumbnail hentry category-nouveaux_produits\">\n\n<div class=\"wp-block-group has-base-2-background-color has-background has-global-padding is-layout-constrained wp-block-group-is-layout-constrained\" style=\"border-top-left-radius:32px;border-top-right-radius:32px;border-bottom-left-radius:32px;border-bottom-right-radius:32px;box-shadow:var(--wp--preset--shadow--natural)\"><figure style=\"aspect-ratio:1; padding-bottom:var(--wp--preset--spacing--20);margin-bottom:0;\" class=\"wp-block-post-featured-image\"><a href=\"https:\/\/www.alternative-energy.fr\/?produit=bague-oeil-de-tigre-modele-elena\" target=\"_self\"  ><img loading=\"lazy\" decoding=\"async\" width=\"1000\" height=\"1000\" src=\"https:\/\/www.alternative-energy.fr\/wp-content\/uploads\/2026\/03\/bague_oeil_de_tigre_et_grenat_elena_0.jpg\" class=\"attachment-post-thumbnail size-post-thumbnail wp-post-image\" alt=\"Bague Oeil de Tigre &#8211; Mod\u00e8le Elena\" style=\"width:100%;height:100%;object-fit:cover;\" srcset=\"https:\/\/www.alternative-energy.fr\/wp-content\/uploads\/2026\/03\/bague_oeil_de_tigre_et_grenat_elena_0.jpg 1000w, https:\/\/www.alternative-energy.fr\/wp-content\/uploads\/2026\/03\/bague_oeil_de_tigre_et_grenat_elena_0-300x300.jpg 300w, https:\/\/www.alternative-energy.fr\/wp-content\/uploads\/2026\/03\/bague_oeil_de_tigre_et_grenat_elena_0-150x150.jpg 150w, https:\/\/www.alternative-energy.fr\/wp-content\/uploads\/2026\/03\/bague_oeil_de_tigre_et_grenat_elena_0-768x768.jpg 768w\" sizes=\"auto, (max-width: 1000px) 100vw, 1000px\" \/><\/a><\/figure>\n\n\n<div class=\"wp-block-group is-vertical is-nowrap is-layout-flex wp-container-core-group-is-layout-97ba36a5 wp-block-group-is-layout-flex\" style=\"margin-top:var(--wp--preset--spacing--20);padding-top:0\"><h2 class=\"has-text-align-center wp-block-post-title has-large-font-size wp-container-content-32e3a40d\"><a href=\"https:\/\/www.alternative-energy.fr\/?produit=bague-oeil-de-tigre-modele-elena\" target=\"_self\" >Bague Oeil de Tigre &#8211; Mod\u00e8le Elena<\/a><\/h2>\n\n\n<div style=\"height:0px\" aria-hidden=\"true\" class=\"wp-block-spacer wp-container-content-32e3a40d\"><\/div>\n<\/div>\n<\/div>\n\n<\/li><li class=\"wp-block-post post-2490 produit type-produit status-publish has-post-thumbnail hentry category-nouveaux_produits\">\n\n<div class=\"wp-block-group has-base-2-background-color has-background has-global-padding is-layout-constrained wp-block-group-is-layout-constrained\" style=\"border-top-left-radius:32px;border-top-right-radius:32px;border-bottom-left-radius:32px;border-bottom-right-radius:32px;box-shadow:var(--wp--preset--shadow--natural)\"><figure style=\"aspect-ratio:1; padding-bottom:var(--wp--preset--spacing--20);margin-bottom:0;\" class=\"wp-block-post-featured-image\"><a href=\"https:\/\/www.alternative-energy.fr\/?produit=baton-de-massage-en-cornaline-vitalite-energie-et-elan-interieur\" target=\"_self\"  ><img loading=\"lazy\" decoding=\"async\" width=\"2560\" height=\"2560\" src=\"https:\/\/www.alternative-energy.fr\/wp-content\/uploads\/2026\/03\/Cornaline_BMCor_batonm_edit-ok-1-scaled.jpg\" class=\"attachment-post-thumbnail size-post-thumbnail wp-post-image\" alt=\"B\u00e2ton de Massage en Cornaline \u2013 Vitalit\u00e9, \u00e9nergie et \u00e9lan int\u00e9rieur\" style=\"width:100%;height:100%;object-fit:cover;\" srcset=\"https:\/\/www.alternative-energy.fr\/wp-content\/uploads\/2026\/03\/Cornaline_BMCor_batonm_edit-ok-1-scaled.jpg 2560w, https:\/\/www.alternative-energy.fr\/wp-content\/uploads\/2026\/03\/Cornaline_BMCor_batonm_edit-ok-1-300x300.jpg 300w, https:\/\/www.alternative-energy.fr\/wp-content\/uploads\/2026\/03\/Cornaline_BMCor_batonm_edit-ok-1-1024x1024.jpg 1024w, https:\/\/www.alternative-energy.fr\/wp-content\/uploads\/2026\/03\/Cornaline_BMCor_batonm_edit-ok-1-150x150.jpg 150w, https:\/\/www.alternative-energy.fr\/wp-content\/uploads\/2026\/03\/Cornaline_BMCor_batonm_edit-ok-1-768x768.jpg 768w, https:\/\/www.alternative-energy.fr\/wp-content\/uploads\/2026\/03\/Cornaline_BMCor_batonm_edit-ok-1-1536x1536.jpg 1536w, https:\/\/www.alternative-energy.fr\/wp-content\/uploads\/2026\/03\/Cornaline_BMCor_batonm_edit-ok-1-2048x2048.jpg 2048w\" sizes=\"auto, (max-width: 2560px) 100vw, 2560px\" \/><\/a><\/figure>\n\n\n<div class=\"wp-block-group is-vertical is-nowrap is-layout-flex wp-container-core-group-is-layout-97ba36a5 wp-block-group-is-layout-flex\" style=\"margin-top:var(--wp--preset--spacing--20);padding-top:0\"><h2 class=\"has-text-align-center wp-block-post-title has-large-font-size wp-container-content-32e3a40d\"><a href=\"https:\/\/www.alternative-energy.fr\/?produit=baton-de-massage-en-cornaline-vitalite-energie-et-elan-interieur\" target=\"_self\" >B\u00e2ton de Massage en Cornaline \u2013 Vitalit\u00e9, \u00e9nergie et \u00e9lan int\u00e9rieur<\/a><\/h2>\n\n\n<div style=\"height:0px\" aria-hidden=\"true\" class=\"wp-block-spacer wp-container-content-32e3a40d\"><\/div>\n<\/div>\n<\/div>\n\n<\/li><li class=\"wp-block-post post-2488 produit type-produit status-publish has-post-thumbnail hentry category-nouveaux_produits\">\n\n<div class=\"wp-block-group has-base-2-background-color has-background has-global-padding is-layout-constrained wp-block-group-is-layout-constrained\" style=\"border-top-left-radius:32px;border-top-right-radius:32px;border-bottom-left-radius:32px;border-bottom-right-radius:32px;box-shadow:var(--wp--preset--shadow--natural)\"><figure style=\"aspect-ratio:1; padding-bottom:var(--wp--preset--spacing--20);margin-bottom:0;\" class=\"wp-block-post-featured-image\"><a href=\"https:\/\/www.alternative-energy.fr\/?produit=baton-de-massage-en-quartz-rose-douceur-detente-et-harmonie-du-coeur\" target=\"_self\"  ><img loading=\"lazy\" decoding=\"async\" width=\"2560\" height=\"2560\" src=\"https:\/\/www.alternative-energy.fr\/wp-content\/uploads\/2026\/03\/QRose_BMQR_batonm_edit-ok-6-scaled.jpg\" class=\"attachment-post-thumbnail size-post-thumbnail wp-post-image\" alt=\"B\u00e2ton de Massage en Quartz Rose \u2013 Douceur, d\u00e9tente et harmonie du c\u0153ur\" style=\"width:100%;height:100%;object-fit:cover;\" srcset=\"https:\/\/www.alternative-energy.fr\/wp-content\/uploads\/2026\/03\/QRose_BMQR_batonm_edit-ok-6-scaled.jpg 2560w, https:\/\/www.alternative-energy.fr\/wp-content\/uploads\/2026\/03\/QRose_BMQR_batonm_edit-ok-6-300x300.jpg 300w, https:\/\/www.alternative-energy.fr\/wp-content\/uploads\/2026\/03\/QRose_BMQR_batonm_edit-ok-6-1024x1024.jpg 1024w, https:\/\/www.alternative-energy.fr\/wp-content\/uploads\/2026\/03\/QRose_BMQR_batonm_edit-ok-6-150x150.jpg 150w, https:\/\/www.alternative-energy.fr\/wp-content\/uploads\/2026\/03\/QRose_BMQR_batonm_edit-ok-6-768x768.jpg 768w, https:\/\/www.alternative-energy.fr\/wp-content\/uploads\/2026\/03\/QRose_BMQR_batonm_edit-ok-6-1536x1536.jpg 1536w, https:\/\/www.alternative-energy.fr\/wp-content\/uploads\/2026\/03\/QRose_BMQR_batonm_edit-ok-6-2048x2048.jpg 2048w\" sizes=\"auto, (max-width: 2560px) 100vw, 2560px\" \/><\/a><\/figure>\n\n\n<div class=\"wp-block-group is-vertical is-nowrap is-layout-flex wp-container-core-group-is-layout-97ba36a5 wp-block-group-is-layout-flex\" style=\"margin-top:var(--wp--preset--spacing--20);padding-top:0\"><h2 class=\"has-text-align-center wp-block-post-title has-large-font-size wp-container-content-32e3a40d\"><a href=\"https:\/\/www.alternative-energy.fr\/?produit=baton-de-massage-en-quartz-rose-douceur-detente-et-harmonie-du-coeur\" target=\"_self\" >B\u00e2ton de Massage en Quartz Rose \u2013 Douceur, d\u00e9tente et harmonie du c\u0153ur<\/a><\/h2>\n\n\n<div style=\"height:0px\" aria-hidden=\"true\" class=\"wp-block-spacer wp-container-content-32e3a40d\"><\/div>\n<\/div>\n<\/div>\n\n<\/li><li class=\"wp-block-post post-2502 produit type-produit status-publish has-post-thumbnail hentry category-nouveaux_produits\">\n\n<div class=\"wp-block-group has-base-2-background-color has-background has-global-padding is-layout-constrained wp-block-group-is-layout-constrained\" style=\"border-top-left-radius:32px;border-top-right-radius:32px;border-bottom-left-radius:32px;border-bottom-right-radius:32px;box-shadow:var(--wp--preset--shadow--natural)\"><figure style=\"aspect-ratio:1; padding-bottom:var(--wp--preset--spacing--20);margin-bottom:0;\" class=\"wp-block-post-featured-image\"><a href=\"https:\/\/www.alternative-energy.fr\/?produit=baton-de-palo-santo-purification-douce-apaisement-et-energie-positive\" target=\"_self\"  ><img loading=\"lazy\" decoding=\"async\" width=\"2560\" height=\"2560\" src=\"https:\/\/www.alternative-energy.fr\/wp-content\/uploads\/2026\/03\/PaloSanto_BPaloS_fumigation_edit-ok-1-scaled.jpg\" class=\"attachment-post-thumbnail size-post-thumbnail wp-post-image\" alt=\"B\u00e2ton de Palo Santo \u2013 Purification douce, apaisement et \u00e9nergie positive\" style=\"width:100%;height:100%;object-fit:cover;\" srcset=\"https:\/\/www.alternative-energy.fr\/wp-content\/uploads\/2026\/03\/PaloSanto_BPaloS_fumigation_edit-ok-1-scaled.jpg 2560w, https:\/\/www.alternative-energy.fr\/wp-content\/uploads\/2026\/03\/PaloSanto_BPaloS_fumigation_edit-ok-1-300x300.jpg 300w, https:\/\/www.alternative-energy.fr\/wp-content\/uploads\/2026\/03\/PaloSanto_BPaloS_fumigation_edit-ok-1-1024x1024.jpg 1024w, https:\/\/www.alternative-energy.fr\/wp-content\/uploads\/2026\/03\/PaloSanto_BPaloS_fumigation_edit-ok-1-150x150.jpg 150w, https:\/\/www.alternative-energy.fr\/wp-content\/uploads\/2026\/03\/PaloSanto_BPaloS_fumigation_edit-ok-1-768x768.jpg 768w, https:\/\/www.alternative-energy.fr\/wp-content\/uploads\/2026\/03\/PaloSanto_BPaloS_fumigation_edit-ok-1-1536x1536.jpg 1536w, https:\/\/www.alternative-energy.fr\/wp-content\/uploads\/2026\/03\/PaloSanto_BPaloS_fumigation_edit-ok-1-2048x2048.jpg 2048w\" sizes=\"auto, (max-width: 2560px) 100vw, 2560px\" \/><\/a><\/figure>\n\n\n<div class=\"wp-block-group is-vertical is-nowrap is-layout-flex wp-container-core-group-is-layout-97ba36a5 wp-block-group-is-layout-flex\" style=\"margin-top:var(--wp--preset--spacing--20);padding-top:0\"><h2 class=\"has-text-align-center wp-block-post-title has-large-font-size wp-container-content-32e3a40d\"><a href=\"https:\/\/www.alternative-energy.fr\/?produit=baton-de-palo-santo-purification-douce-apaisement-et-energie-positive\" target=\"_self\" >B\u00e2ton de Palo Santo \u2013 Purification douce, apaisement et \u00e9nergie positive<\/a><\/h2>\n\n\n<div style=\"height:0px\" aria-hidden=\"true\" class=\"wp-block-spacer wp-container-content-32e3a40d\"><\/div>\n<\/div>\n<\/div>\n\n<\/li><li class=\"wp-block-post post-2486 produit type-produit status-publish has-post-thumbnail hentry category-nouveaux_produits\">\n\n<div class=\"wp-block-group has-base-2-background-color has-background has-global-padding is-layout-constrained wp-block-group-is-layout-constrained\" style=\"border-top-left-radius:32px;border-top-right-radius:32px;border-bottom-left-radius:32px;border-bottom-right-radius:32px;box-shadow:var(--wp--preset--shadow--natural)\"><figure style=\"aspect-ratio:1; padding-bottom:var(--wp--preset--spacing--20);margin-bottom:0;\" class=\"wp-block-post-featured-image\"><a href=\"https:\/\/www.alternative-energy.fr\/?produit=bol-en-selenite-purification-apaisement-et-clarte-energetique\" target=\"_self\"  ><img loading=\"lazy\" decoding=\"async\" width=\"2560\" height=\"2560\" src=\"https:\/\/www.alternative-energy.fr\/wp-content\/uploads\/2026\/03\/Selenite_BolSELp_bol_edit-ok-7-scaled.jpg\" class=\"attachment-post-thumbnail size-post-thumbnail wp-post-image\" alt=\"Bol en S\u00e9l\u00e9nite \u2013 Purification, apaisement et clart\u00e9 \u00e9nerg\u00e9tique\" style=\"width:100%;height:100%;object-fit:cover;\" srcset=\"https:\/\/www.alternative-energy.fr\/wp-content\/uploads\/2026\/03\/Selenite_BolSELp_bol_edit-ok-7-scaled.jpg 2560w, https:\/\/www.alternative-energy.fr\/wp-content\/uploads\/2026\/03\/Selenite_BolSELp_bol_edit-ok-7-300x300.jpg 300w, https:\/\/www.alternative-energy.fr\/wp-content\/uploads\/2026\/03\/Selenite_BolSELp_bol_edit-ok-7-1024x1024.jpg 1024w, https:\/\/www.alternative-energy.fr\/wp-content\/uploads\/2026\/03\/Selenite_BolSELp_bol_edit-ok-7-150x150.jpg 150w, https:\/\/www.alternative-energy.fr\/wp-content\/uploads\/2026\/03\/Selenite_BolSELp_bol_edit-ok-7-768x768.jpg 768w, https:\/\/www.alternative-energy.fr\/wp-content\/uploads\/2026\/03\/Selenite_BolSELp_bol_edit-ok-7-1536x1536.jpg 1536w, https:\/\/www.alternative-energy.fr\/wp-content\/uploads\/2026\/03\/Selenite_BolSELp_bol_edit-ok-7-2048x2048.jpg 2048w\" sizes=\"auto, (max-width: 2560px) 100vw, 2560px\" \/><\/a><\/figure>\n\n\n<div class=\"wp-block-group is-vertical is-nowrap is-layout-flex wp-container-core-group-is-layout-97ba36a5 wp-block-group-is-layout-flex\" style=\"margin-top:var(--wp--preset--spacing--20);padding-top:0\"><h2 class=\"has-text-align-center wp-block-post-title has-large-font-size wp-container-content-32e3a40d\"><a href=\"https:\/\/www.alternative-energy.fr\/?produit=bol-en-selenite-purification-apaisement-et-clarte-energetique\" target=\"_self\" >Bol en S\u00e9l\u00e9nite \u2013 Purification, apaisement et clart\u00e9 \u00e9nerg\u00e9tique<\/a><\/h2>\n\n\n<div style=\"height:0px\" aria-hidden=\"true\" class=\"wp-block-spacer wp-container-content-32e3a40d\"><\/div>\n<\/div>\n<\/div>\n\n<\/li><li class=\"wp-block-post post-2494 produit type-produit status-publish has-post-thumbnail hentry category-nouveaux_produits\">\n\n<div class=\"wp-block-group has-base-2-background-color has-background has-global-padding is-layout-constrained wp-block-group-is-layout-constrained\" style=\"border-top-left-radius:32px;border-top-right-radius:32px;border-bottom-left-radius:32px;border-bottom-right-radius:32px;box-shadow:var(--wp--preset--shadow--natural)\"><figure style=\"aspect-ratio:1; padding-bottom:var(--wp--preset--spacing--20);margin-bottom:0;\" class=\"wp-block-post-featured-image\"><a href=\"https:\/\/www.alternative-energy.fr\/?produit=bouteille-chips-amethyste-serenite-apaisement-et-elevation-interieure\" target=\"_self\"  ><img loading=\"lazy\" decoding=\"async\" width=\"2560\" height=\"2560\" src=\"https:\/\/www.alternative-energy.fr\/wp-content\/uploads\/2026\/03\/Amethyste_BoutAp_Bouteille_edit-okk-2-scaled.jpg\" class=\"attachment-post-thumbnail size-post-thumbnail wp-post-image\" alt=\"Bouteille Chips Am\u00e9thyste \u2013 S\u00e9r\u00e9nit\u00e9, apaisement et \u00e9l\u00e9vation int\u00e9rieure\" style=\"width:100%;height:100%;object-fit:cover;\" srcset=\"https:\/\/www.alternative-energy.fr\/wp-content\/uploads\/2026\/03\/Amethyste_BoutAp_Bouteille_edit-okk-2-scaled.jpg 2560w, https:\/\/www.alternative-energy.fr\/wp-content\/uploads\/2026\/03\/Amethyste_BoutAp_Bouteille_edit-okk-2-300x300.jpg 300w, https:\/\/www.alternative-energy.fr\/wp-content\/uploads\/2026\/03\/Amethyste_BoutAp_Bouteille_edit-okk-2-1024x1024.jpg 1024w, https:\/\/www.alternative-energy.fr\/wp-content\/uploads\/2026\/03\/Amethyste_BoutAp_Bouteille_edit-okk-2-150x150.jpg 150w, https:\/\/www.alternative-energy.fr\/wp-content\/uploads\/2026\/03\/Amethyste_BoutAp_Bouteille_edit-okk-2-768x768.jpg 768w, https:\/\/www.alternative-energy.fr\/wp-content\/uploads\/2026\/03\/Amethyste_BoutAp_Bouteille_edit-okk-2-1536x1536.jpg 1536w, https:\/\/www.alternative-energy.fr\/wp-content\/uploads\/2026\/03\/Amethyste_BoutAp_Bouteille_edit-okk-2-2048x2048.jpg 2048w\" sizes=\"auto, (max-width: 2560px) 100vw, 2560px\" \/><\/a><\/figure>\n\n\n<div class=\"wp-block-group is-vertical is-nowrap is-layout-flex wp-container-core-group-is-layout-97ba36a5 wp-block-group-is-layout-flex\" style=\"margin-top:var(--wp--preset--spacing--20);padding-top:0\"><h2 class=\"has-text-align-center wp-block-post-title has-large-font-size wp-container-content-32e3a40d\"><a href=\"https:\/\/www.alternative-energy.fr\/?produit=bouteille-chips-amethyste-serenite-apaisement-et-elevation-interieure\" target=\"_self\" >Bouteille Chips Am\u00e9thyste \u2013 S\u00e9r\u00e9nit\u00e9, apaisement et \u00e9l\u00e9vation int\u00e9rieure<\/a><\/h2>\n\n\n<div style=\"height:0px\" aria-hidden=\"true\" class=\"wp-block-spacer wp-container-content-32e3a40d\"><\/div>\n<\/div>\n<\/div>\n\n<\/li><li class=\"wp-block-post post-2492 produit type-produit status-publish has-post-thumbnail hentry category-nouveaux_produits\">\n\n<div class=\"wp-block-group has-base-2-background-color has-background has-global-padding is-layout-constrained wp-block-group-is-layout-constrained\" style=\"border-top-left-radius:32px;border-top-right-radius:32px;border-bottom-left-radius:32px;border-bottom-right-radius:32px;box-shadow:var(--wp--preset--shadow--natural)\"><figure style=\"aspect-ratio:1; padding-bottom:var(--wp--preset--spacing--20);margin-bottom:0;\" class=\"wp-block-post-featured-image\"><a href=\"https:\/\/www.alternative-energy.fr\/?produit=bouteille-chips-oeil-de-tigre-protection-confiance-et-ancrage-energetique\" target=\"_self\"  ><img loading=\"lazy\" decoding=\"async\" width=\"2560\" height=\"2560\" src=\"https:\/\/www.alternative-energy.fr\/wp-content\/uploads\/2026\/03\/Oeil_Tigre_BoutOdTp_Bouteille_edit-ok-3-scaled.jpg\" class=\"attachment-post-thumbnail size-post-thumbnail wp-post-image\" alt=\"Bouteille Chips \u0152il de Tigre \u2013 Protection, confiance et ancrage \u00e9nerg\u00e9tique\" style=\"width:100%;height:100%;object-fit:cover;\" srcset=\"https:\/\/www.alternative-energy.fr\/wp-content\/uploads\/2026\/03\/Oeil_Tigre_BoutOdTp_Bouteille_edit-ok-3-scaled.jpg 2560w, https:\/\/www.alternative-energy.fr\/wp-content\/uploads\/2026\/03\/Oeil_Tigre_BoutOdTp_Bouteille_edit-ok-3-300x300.jpg 300w, https:\/\/www.alternative-energy.fr\/wp-content\/uploads\/2026\/03\/Oeil_Tigre_BoutOdTp_Bouteille_edit-ok-3-1024x1024.jpg 1024w, https:\/\/www.alternative-energy.fr\/wp-content\/uploads\/2026\/03\/Oeil_Tigre_BoutOdTp_Bouteille_edit-ok-3-150x150.jpg 150w, https:\/\/www.alternative-energy.fr\/wp-content\/uploads\/2026\/03\/Oeil_Tigre_BoutOdTp_Bouteille_edit-ok-3-768x768.jpg 768w, https:\/\/www.alternative-energy.fr\/wp-content\/uploads\/2026\/03\/Oeil_Tigre_BoutOdTp_Bouteille_edit-ok-3-1536x1536.jpg 1536w, https:\/\/www.alternative-energy.fr\/wp-content\/uploads\/2026\/03\/Oeil_Tigre_BoutOdTp_Bouteille_edit-ok-3-2048x2048.jpg 2048w\" sizes=\"auto, (max-width: 2560px) 100vw, 2560px\" \/><\/a><\/figure>\n\n\n<div class=\"wp-block-group is-vertical is-nowrap is-layout-flex wp-container-core-group-is-layout-97ba36a5 wp-block-group-is-layout-flex\" style=\"margin-top:var(--wp--preset--spacing--20);padding-top:0\"><h2 class=\"has-text-align-center wp-block-post-title has-large-font-size wp-container-content-32e3a40d\"><a href=\"https:\/\/www.alternative-energy.fr\/?produit=bouteille-chips-oeil-de-tigre-protection-confiance-et-ancrage-energetique\" target=\"_self\" >Bouteille Chips \u0152il de Tigre \u2013 Protection, confiance et ancrage \u00e9nerg\u00e9tique<\/a><\/h2>\n\n\n<div style=\"height:0px\" aria-hidden=\"true\" class=\"wp-block-spacer wp-container-content-32e3a40d\"><\/div>\n<\/div>\n<\/div>\n\n<\/li><\/ul>\n\n\n<div style=\"margin-top:0;margin-bottom:0;height:var(--wp--preset--spacing--40)\" aria-hidden=\"true\" class=\"wp-block-spacer\"><\/div>\n\n\n<nav class=\"wp-block-query-pagination is-content-justification-space-between is-layout-flex wp-container-core-query-pagination-is-layout-b2891da8 wp-block-query-pagination-is-layout-flex\" aria-label=\"Pagination\">\n\n\n<a href=\"\/index.php?rest_route=%2Fwp%2Fv2%2Fpages%2F2206&#038;query-53-page=2\" class=\"wp-block-query-pagination-next\">Page suivante<span class='wp-block-query-pagination-next-arrow is-arrow-chevron' aria-hidden='true'>\u00bb<\/span><\/a>\n<\/nav><\/div>\n<\/div>\n<\/div>\n","protected":false},"excerpt":{"rendered":"","protected":false},"author":1,"featured_media":0,"parent":0,"menu_order":0,"comment_status":"closed","ping_status":"closed","template":"","meta":{"_acf_changed":false,"footnotes":""},"class_list":["post-2206","page","type-page","status-publish","hentry"],"acf":[],"_links":{"self":[{"href":"https:\/\/www.alternative-energy.fr\/index.php?rest_route=\/wp\/v2\/pages\/2206","targetHints":{"allow":["GET"]}}],"collection":[{"href":"https:\/\/www.alternative-energy.fr\/index.php?rest_route=\/wp\/v2\/pages"}],"about":[{"href":"https:\/\/www.alternative-energy.fr\/index.php?rest_route=\/wp\/v2\/types\/page"}],"author":[{"embeddable":true,"href":"https:\/\/www.alternative-energy.fr\/index.php?rest_route=\/wp\/v2\/users\/1"}],"replies":[{"embeddable":true,"href":"https:\/\/www.alternative-energy.fr\/index.php?rest_route=%2Fwp%2Fv2%2Fcomments&post=2206"}],"version-history":[{"count":0,"href":"https:\/\/www.alternative-energy.fr\/index.php?rest_route=\/wp\/v2\/pages\/2206\/revisions"}],"wp:attachment":[{"href":"https:\/\/www.alternative-energy.fr\/index.php?rest_route=%2Fwp%2Fv2%2Fmedia&parent=2206"}],"curies":[{"name":"wp","href":"https:\/\/api.w.org\/{rel}","templated":true}]}}